{"id":1632,"date":"2024-05-07T03:22:08","date_gmt":"2024-05-07T01:22:08","guid":{"rendered":"https:\/\/woodvalleyboquete.com\/?page_id=1632"},"modified":"2024-09-18T15:54:34","modified_gmt":"2024-09-18T20:54:34","slug":"boquete","status":"publish","type":"page","link":"https:\/\/woodvalleyboquete.com\/en\/boquete\/","title":{"rendered":"Boquete"},"content":{"rendered":"<div data-elementor-type=\"wp-page\" data-elementor-id=\"1632\" class=\"elementor elementor-1632\" data-elementor-post-type=\"page\">\n\t\t\t\t<div class=\"elementor-element elementor-element-16d193ae e-flex e-con-boxed e-con e-parent\" data-id=\"16d193ae\" data-element_type=\"container\" data-settings=\"{&quot;background_background&quot;:&quot;video&quot;,&quot;background_video_link&quot;:&quot;https:\\\/\\\/woodvalleyboquete.com\\\/wp-content\\\/uploads\\\/2024\\\/06\\\/boquete-video-de-fondo.mp4&quot;,&quot;background_play_on_mobile&quot;:&quot;yes&quot;,&quot;background_privacy_mode&quot;:&quot;yes&quot;}\">\n\t\t\t\t\t<div class=\"e-con-inner\">\n\t\t<div class=\"elementor-background-video-container\">\n\t\t\t\t\t\t\t<video class=\"elementor-background-video-hosted elementor-html5-video\" autoplay muted playsinline loop><\/video>\n\t\t\t\t\t<\/div><div class=\"elementor-element elementor-element-5215538e e-flex e-con-boxed e-con e-child\" data-id=\"5215538e\" data-element_type=\"container\">\n\t\t\t\t\t<div class=\"e-con-inner\">\n\t\t\t\t<div class=\"elementor-element elementor-element-c843d0a elementor-invisible elementor-widget elementor-widget-heading\" data-id=\"c843d0a\" data-element_type=\"widget\" data-settings=\"{&quot;_animation&quot;:&quot;fadeInUp&quot;}\" data-widget_type=\"heading.default\">\n\t\t\t\t<div class=\"elementor-widget-container\">\n\t\t\t<h2 class=\"elementor-heading-title elementor-size-default\">About Boquete<\/h2>\t\t<\/div>\n\t\t\t\t<\/div>\n\t\t\t\t<div class=\"elementor-element elementor-element-e61baea elementor-widget__width-initial elementor-invisible elementor-widget elementor-widget-text-editor\" data-id=\"e61baea\" data-element_type=\"widget\" data-settings=\"{&quot;_animation&quot;:&quot;fadeInUp&quot;,&quot;_animation_delay&quot;:300}\" data-widget_type=\"text-editor.default\">\n\t\t\t\t<div class=\"elementor-widget-container\">\n\t\t\t\t\t\t\t<p><span style=\"font-weight: 400;\">Live surrounded by nature along with extraordinary views of the Bar\u00fa Volcano and the Pacific Ocean. <\/span><\/p>\t\t\t\t\t\t<\/div>\n\t\t\t\t<\/div>\n\t\t\t\t\t<\/div>\n\t\t\t\t<\/div>\n\t\t\t\t\t<\/div>\n\t\t\t\t<\/div>\n\t\t<div class=\"elementor-element elementor-element-c5ac773 e-flex e-con-boxed e-con e-parent\" data-id=\"c5ac773\" data-element_type=\"container\">\n\t\t\t\t\t<div class=\"e-con-inner\">\n\t\t\t\t<div class=\"elementor-element elementor-element-eee71e9 elementor-widget elementor-widget-heading\" data-id=\"eee71e9\" data-element_type=\"widget\" data-widget_type=\"heading.default\">\n\t\t\t\t<div class=\"elementor-widget-container\">\n\t\t\t<h2 class=\"elementor-heading-title elementor-size-default\">Lifestyle<\/h2>\t\t<\/div>\n\t\t\t\t<\/div>\n\t\t\t\t<div class=\"elementor-element elementor-element-ab15ace elementor-widget elementor-widget-text-editor\" data-id=\"ab15ace\" data-element_type=\"widget\" data-widget_type=\"text-editor.default\">\n\t\t\t\t<div class=\"elementor-widget-container\">\n\t\t\t\t\t\t\t<p>With a population of 23 thousand people, and a growing community of approximately 5 thousand foreigners, Boquete has become a destination to retire for couples or families that are looking for a permanent or holiday residence.<\/p><p>Surrounded by the most recognized coffee farms in the world, including the renowned Geisha coffee, Boquete attracts Panamanians and foreigners that enjoy the exquisite variety of gastronomy, outdoor activities and the nightlife that this picturesque and welcoming area offers.<\/p><p>Besides its cool climate and mountain landscapes, Boquete has a rich cultural indigenous and Spanish inheritance. Its local market and traditional celebrations show part of their culture and heritage.<br \/>Considered one of the safest places in Panama, Boquete has excellent road transport with other places in the country. The closest airport in David makes an easy access to transportation by air. \nMoreover, there are clinics, fully equipped hospitals, as well as drugstores, banks and offices of public service that meet the resident\u00b4s and visitor\u00b4s needs.<\/p>\t\t\t\t\t\t<\/div>\n\t\t\t\t<\/div>\n\t\t\t\t\t<\/div>\n\t\t\t\t<\/div>\n\t\t<div class=\"elementor-element elementor-element-cb7dda6 e-flex e-con-boxed e-con e-parent\" data-id=\"cb7dda6\" data-element_type=\"container\">\n\t\t\t\t\t<div class=\"e-con-inner\">\n\t\t<div class=\"elementor-element elementor-element-bd8ed2a e-flex e-con-boxed e-con e-child\" data-id=\"bd8ed2a\" data-element_type=\"container\">\n\t\t\t\t\t<div class=\"e-con-inner\">\n\t\t<div class=\"elementor-element elementor-element-d354e08 e-flex e-con-boxed elementor-invisible e-con e-child\" data-id=\"d354e08\" data-element_type=\"container\" data-settings=\"{&quot;animation&quot;:&quot;fadeIn&quot;,&quot;animation_delay&quot;:200}\">\n\t\t\t\t\t<div class=\"e-con-inner\">\n\t\t\t\t<div class=\"elementor-element elementor-element-8c70dc6 elementor-widget elementor-widget-image\" data-id=\"8c70dc6\" data-element_type=\"widget\" data-widget_type=\"image.default\">\n\t\t\t\t<div class=\"elementor-widget-container\">\n\t\t\t\t\t\t\t\t\t\t<figure class=\"wp-caption\">\n\t\t\t\t\t\t\t\t\t\t\t<a href=\"https:\/\/woodvalleyboquete.com\/wp-content\/uploads\/2024\/06\/AVENTURA.jpg\" data-elementor-open-lightbox=\"yes\" data-elementor-lightbox-title=\"AVENTURA\" data-e-action-hash=\"#elementor-action%3Aaction%3Dlightbox%26settings%3DeyJpZCI6MzA4MSwidXJsIjoiaHR0cHM6XC9cL3dvb2R2YWxsZXlib3F1ZXRlLmNvbVwvd3AtY29udGVudFwvdXBsb2Fkc1wvMjAyNFwvMDZcL0FWRU5UVVJBLmpwZyJ9\">\n\t\t\t\t\t\t\t<img fetchpriority=\"high\" decoding=\"async\" width=\"810\" height=\"810\" src=\"https:\/\/woodvalleyboquete.com\/wp-content\/uploads\/2024\/06\/AVENTURA.jpg\" class=\"attachment-large size-large wp-image-3081\" alt=\"\" srcset=\"https:\/\/woodvalleyboquete.com\/wp-content\/uploads\/2024\/06\/AVENTURA.jpg 810w, https:\/\/woodvalleyboquete.com\/wp-content\/uploads\/2024\/06\/AVENTURA-300x300.jpg 300w, https:\/\/woodvalleyboquete.com\/wp-content\/uploads\/2024\/06\/AVENTURA-150x150.jpg 150w, https:\/\/woodvalleyboquete.com\/wp-content\/uploads\/2024\/06\/AVENTURA-768x768.jpg 768w\" sizes=\"(max-width: 810px) 100vw, 810px\" \/>\t\t\t\t\t\t\t\t<\/a>\n\t\t\t\t\t\t\t\t\t\t\t<figcaption class=\"widget-image-caption wp-caption-text\"><\/figcaption>\n\t\t\t\t\t\t\t\t\t\t<\/figure>\n\t\t\t\t\t\t\t<\/div>\n\t\t\t\t<\/div>\n\t\t\t\t<div class=\"elementor-element elementor-element-eee3193 elementor-widget elementor-widget-image\" data-id=\"eee3193\" data-element_type=\"widget\" data-widget_type=\"image.default\">\n\t\t\t\t<div class=\"elementor-widget-container\">\n\t\t\t\t\t\t\t\t\t\t<figure class=\"wp-caption\">\n\t\t\t\t\t\t\t\t\t\t\t<a href=\"https:\/\/woodvalleyboquete.com\/wp-content\/uploads\/2024\/06\/CAFE-DE-ESPECIALIDAD.jpg\" data-elementor-open-lightbox=\"yes\" data-elementor-lightbox-title=\"CAFE DE ESPECIALIDAD\" data-e-action-hash=\"#elementor-action%3Aaction%3Dlightbox%26settings%3DeyJpZCI6MzA4MCwidXJsIjoiaHR0cHM6XC9cL3dvb2R2YWxsZXlib3F1ZXRlLmNvbVwvd3AtY29udGVudFwvdXBsb2Fkc1wvMjAyNFwvMDZcL0NBRkUtREUtRVNQRUNJQUxJREFELmpwZyJ9\">\n\t\t\t\t\t\t\t<img decoding=\"async\" width=\"810\" height=\"810\" src=\"https:\/\/woodvalleyboquete.com\/wp-content\/uploads\/2024\/06\/CAFE-DE-ESPECIALIDAD.jpg\" class=\"attachment-full size-full wp-image-3080\" alt=\"\" srcset=\"https:\/\/woodvalleyboquete.com\/wp-content\/uploads\/2024\/06\/CAFE-DE-ESPECIALIDAD.jpg 810w, https:\/\/woodvalleyboquete.com\/wp-content\/uploads\/2024\/06\/CAFE-DE-ESPECIALIDAD-300x300.jpg 300w, https:\/\/woodvalleyboquete.com\/wp-content\/uploads\/2024\/06\/CAFE-DE-ESPECIALIDAD-150x150.jpg 150w, https:\/\/woodvalleyboquete.com\/wp-content\/uploads\/2024\/06\/CAFE-DE-ESPECIALIDAD-768x768.jpg 768w\" sizes=\"(max-width: 810px) 100vw, 810px\" \/>\t\t\t\t\t\t\t\t<\/a>\n\t\t\t\t\t\t\t\t\t\t\t<figcaption class=\"widget-image-caption wp-caption-text\"><\/figcaption>\n\t\t\t\t\t\t\t\t\t\t<\/figure>\n\t\t\t\t\t\t\t<\/div>\n\t\t\t\t<\/div>\n\t\t\t\t<div class=\"elementor-element elementor-element-dc5a530 elementor-widget elementor-widget-image\" data-id=\"dc5a530\" data-element_type=\"widget\" data-widget_type=\"image.default\">\n\t\t\t\t<div class=\"elementor-widget-container\">\n\t\t\t\t\t\t\t\t\t\t<figure class=\"wp-caption\">\n\t\t\t\t\t\t\t\t\t\t\t<a href=\"https:\/\/woodvalleyboquete.com\/wp-content\/uploads\/2024\/06\/CANON.jpg\" data-elementor-open-lightbox=\"yes\" data-elementor-lightbox-title=\"CA\u00d1\u00d3N\" data-e-action-hash=\"#elementor-action%3Aaction%3Dlightbox%26settings%3DeyJpZCI6MzA4MiwidXJsIjoiaHR0cHM6XC9cL3dvb2R2YWxsZXlib3F1ZXRlLmNvbVwvd3AtY29udGVudFwvdXBsb2Fkc1wvMjAyNFwvMDZcL0NBTk9OLmpwZyJ9\">\n\t\t\t\t\t\t\t<img decoding=\"async\" src=\"https:\/\/woodvalleyboquete.com\/wp-content\/uploads\/elementor\/thumbs\/CANON-quaj992jdqjnxdxcr5j2s0bbyb3fsd9y75pnt79czc.jpg\" title=\"CA\u00d1\u00d3N\" alt=\"CA\u00d1\u00d3N\" loading=\"lazy\" \/>\t\t\t\t\t\t\t\t<\/a>\n\t\t\t\t\t\t\t\t\t\t\t<figcaption class=\"widget-image-caption wp-caption-text\"><\/figcaption>\n\t\t\t\t\t\t\t\t\t\t<\/figure>\n\t\t\t\t\t\t\t<\/div>\n\t\t\t\t<\/div>\n\t\t\t\t\t<\/div>\n\t\t\t\t<\/div>\n\t\t\t\t\t<\/div>\n\t\t\t\t<\/div>\n\t\t\t\t\t<\/div>\n\t\t\t\t<\/div>\n\t\t<div class=\"elementor-element elementor-element-ae71413 elementor-hidden-desktop elementor-hidden-tablet elementor-hidden-mobile e-flex e-con-boxed e-con e-parent\" data-id=\"ae71413\" data-element_type=\"container\" data-settings=\"{&quot;background_background&quot;:&quot;classic&quot;}\">\n\t\t\t\t\t<div class=\"e-con-inner\">\n\t\t<div class=\"elementor-element elementor-element-80fdcce e-con-full e-flex e-con e-child\" data-id=\"80fdcce\" data-element_type=\"container\">\n\t\t\t\t<div class=\"elementor-element elementor-element-cddc41c elementor-widget-divider--view-line elementor-widget elementor-widget-divider\" data-id=\"cddc41c\" data-element_type=\"widget\" data-widget_type=\"divider.default\">\n\t\t\t\t<div class=\"elementor-widget-container\">\n\t\t\t\t\t<div class=\"elementor-divider\">\n\t\t\t<span class=\"elementor-divider-separator\">\n\t\t\t\t\t\t<\/span>\n\t\t<\/div>\n\t\t\t\t<\/div>\n\t\t\t\t<\/div>\n\t\t\t\t<div class=\"elementor-element elementor-element-ae4525c elementor-invisible elementor-widget elementor-widget-heading\" data-id=\"ae4525c\" data-element_type=\"widget\" data-settings=\"{&quot;_animation&quot;:&quot;fadeInUp&quot;}\" data-widget_type=\"heading.default\">\n\t\t\t\t<div class=\"elementor-widget-container\">\n\t\t\t<h2 class=\"elementor-heading-title elementor-size-default\">Boquete combina <span style=\"font-family: 'Playfair Display', serif; font-style: italic;\">naturaleza, cultura y aventura<\/span>, haciendo de este destino un lugar especial tanto para turistas como para residente<\/h2>\t\t<\/div>\n\t\t\t\t<\/div>\n\t\t\t\t<div class=\"elementor-element elementor-element-8da01d2 elementor-invisible elementor-widget elementor-widget-heading\" data-id=\"8da01d2\" data-element_type=\"widget\" data-settings=\"{&quot;_animation&quot;:&quot;fadeInUp&quot;}\" data-widget_type=\"heading.default\">\n\t\t\t\t<div class=\"elementor-widget-container\">\n\t\t\t<h2 class=\"elementor-heading-title elementor-size-default\">Vive tranquilo. Vive en Wood Valley.<\/h2>\t\t<\/div>\n\t\t\t\t<\/div>\n\t\t\t\t<div class=\"elementor-element elementor-element-af5e8f0 elementor-mobile-align-left elementor-align-left elementor-widget elementor-widget-button\" data-id=\"af5e8f0\" data-element_type=\"widget\" data-widget_type=\"button.default\">\n\t\t\t\t<div class=\"elementor-widget-container\">\n\t\t\t\t\t<div class=\"elementor-button-wrapper\">\n\t\t\t<a class=\"elementor-button elementor-button-link elementor-size-md\" href=\"https:\/\/woodvalleyboquete.com\/en\/contacto\/\">\n\t\t\t\t\t\t<span class=\"elementor-button-content-wrapper\">\n\t\t\t\t\t\t<span class=\"elementor-button-icon\">\n\t\t\t\t<i aria-hidden=\"true\" class=\"fas fa-angle-right\"><\/i>\t\t\t<\/span>\n\t\t\t\t\t\t\t\t\t<span class=\"elementor-button-text\">Contact Us<\/span>\n\t\t\t\t\t<\/span>\n\t\t\t\t\t<\/a>\n\t\t<\/div>\n\t\t\t\t<\/div>\n\t\t\t\t<\/div>\n\t\t\t\t<\/div>\n\t\t\t\t\t<\/div>\n\t\t\t\t<\/div>\n\t\t\t\t<\/div>","protected":false},"excerpt":{"rendered":"<p>Sobre Boquete Vive rodeado de naturaleza y con extraordinarias vistas al Volc\u00e1n Bar\u00fa y el Oc\u00e9ano Pac\u00edfico. Estilo de Vida Con una poblaci\u00f3n de 23 mil habitantes y una creciente comunidad de aproximadamente 5 mil extranjeros, Boquete se ha convertido en uno de los destinos elegidos para retiro y para parejas o familias que buscan [&hellip;]<\/p>","protected":false},"author":1,"featured_media":0,"parent":0,"menu_order":0,"comment_status":"closed","ping_status":"closed","template":"","meta":{"rank_math_lock_modified_date":false,"_joinchat":[],"footnotes":""},"class_list":["post-1632","page","type-page","status-publish","hentry"],"blocksy_meta":{"has_hero_section":"disabled","styles_descriptor":{"styles":{"desktop":"","tablet":"","mobile":""},"google_fonts":[],"version":6}},"_links":{"self":[{"href":"https:\/\/woodvalleyboquete.com\/en\/wp-json\/wp\/v2\/pages\/1632","targetHints":{"allow":["GET"]}}],"collection":[{"href":"https:\/\/woodvalleyboquete.com\/en\/wp-json\/wp\/v2\/pages"}],"about":[{"href":"https:\/\/woodvalleyboquete.com\/en\/wp-json\/wp\/v2\/types\/page"}],"author":[{"embeddable":true,"href":"https:\/\/woodvalleyboquete.com\/en\/wp-json\/wp\/v2\/users\/1"}],"replies":[{"embeddable":true,"href":"https:\/\/woodvalleyboquete.com\/en\/wp-json\/wp\/v2\/comments?post=1632"}],"version-history":[{"count":191,"href":"https:\/\/woodvalleyboquete.com\/en\/wp-json\/wp\/v2\/pages\/1632\/revisions"}],"predecessor-version":[{"id":3537,"href":"https:\/\/woodvalleyboquete.com\/en\/wp-json\/wp\/v2\/pages\/1632\/revisions\/3537"}],"wp:attachment":[{"href":"https:\/\/woodvalleyboquete.com\/en\/wp-json\/wp\/v2\/media?parent=1632"}],"curies":[{"name":"wp","href":"https:\/\/api.w.org\/{rel}","templated":true}]}}